{"id":25315,"date":"2014-10-08T13:39:25","date_gmt":"2014-10-08T13:39:25","guid":{"rendered":"https:\/\/sorkhchoob.com\/?page_id=25315"},"modified":"2022-07-29T12:44:53","modified_gmt":"2022-07-29T12:44:53","slug":"%d8%b5%d9%81%d8%ad%d9%87-%d8%a7%d8%b5%d9%84%db%8c","status":"publish","type":"page","link":"https:\/\/sorkhchoob.com\/tr\/","title":{"rendered":"Ana Sayfa"},"content":{"rendered":"<section class=\"l-section wpb_row align_center height_huge full_height valign_center color_primary with_img parallax_ver\"><div class=\"l-section-img\" style=\"background-image: url(https:\/\/sorkhchoob.com\/wp-content\/uploads\/2022\/07\/bg-main.jpg);background-size: contain;\" data-img-width=\"1032\" data-img-height=\"774\"><\/div><div class=\"l-section-overlay\" style=\"background:rgba(0,0,0,0.4)\"><\/div><div class=\"l-section-h i-cf\"><div class=\"g-cols vc_row via_grid cols_1 laptops-cols_inherit tablets-cols_inherit mobiles-cols_1 valign_top type_default stacking_default\"><div class=\"wpb_column vc_column_container\"><div class=\"vc_column-inner\"><h1 class=\"w-text us_custom_647b1879\"><span class=\"w-text-h\"><span class=\"w-text-value\">Redwood, ah\u015fap \u00fcr\u00fcnler sekt\u00f6r\u00fcnde bilinen bir isim<\/span><\/span><\/h1><div class=\"w-btn-wrapper align_none\"><a class=\"w-btn us-btn-style_1 us_custom_b4198c51\" href=\"https:\/\/sorkhchoob.com\/%d9%85%d8%ad%d8%b5%d9%88%d9%84%d8%a7%d8%aa\/\"><span class=\"w-btn-label\">\u00fcr\u00fcn \u00f6rne\u011fi<\/span><\/a><\/div><div class=\"w-btn-wrapper align_none\"><a class=\"w-btn us-btn-style_1 us_custom_b4198c51\" href=\"https:\/\/sorkhchoob.com\/%da%a9%d8%a7%d9%84%db%8c%d8%aa%d9%87-%d8%b1%d9%86%da%af\/\"><span class=\"w-btn-label\">renk varyasyonu<\/span><\/a><\/div><div class=\"w-separator size_medium\"><\/div><\/div><\/div><\/div><\/div><\/section><section class=\"l-section wpb_row height_medium color_alternate\" id=\"responsive\"><div class=\"l-section-h i-cf\"><div class=\"g-cols vc_row via_grid cols_1 laptops-cols_inherit tablets-cols_inherit mobiles-cols_1 valign_top type_default stacking_default\"><div class=\"wpb_column vc_column_container us_custom_60e9caca us_animate_this\"><div class=\"vc_column-inner\"><div class=\"wpb_text_column\"><div class=\"wpb_wrapper\"><h2 style=\"text-align: center;\">Redwood hakk\u0131nda daha fazla bilgi edinin<\/h2>\n<\/div><\/div><div class=\"w-separator size_large\"><\/div><div class=\"g-cols wpb_row via_grid cols_2 laptops-cols_inherit tablets-cols_inherit mobiles-cols_1 valign_top type_default stacking_default\"><div class=\"wpb_column vc_column_container\"><div class=\"vc_column-inner\"><div class=\"w-image us_custom_7e20fa79 us_animate_this align_center\"><div class=\"w-image-h\"><img decoding=\"async\" width=\"120\" height=\"120\" src=\"https:\/\/sorkhchoob.com\/wp-content\/uploads\/2022\/07\/icon.png\" class=\"attachment-medium size-medium\" alt=\"\" \/><\/div><\/div><\/div><\/div><div class=\"wpb_column vc_column_container us_custom_47474b22 us_animate_this\"><div class=\"vc_column-inner\"><div class=\"wpb_text_column\"><div class=\"wpb_wrapper\"><div class=\"textwidget\">\n<h4><strong>Redwood, \u0130ran&#8217;da 6 ve 7 cm&#8217;lik dolap panellerinin ilk \u00fcreticisidir.<\/strong><\/h4>\n<p>Redwood firmas\u0131 1984 y\u0131l\u0131nda mutfak dolaplar\u0131 \u00fcretimi ile faaliyete ba\u015flam\u0131\u015f, 1984 y\u0131l\u0131nda uzmanl\u0131\u011f\u0131n\u0131 ve deneyimli i\u015f g\u00fcc\u00fcn\u00fc kullanarak ah\u015fap \u00fcr\u00fcnler (dolap panelleri) \u00fcretimi alan\u0131nda da faaliyetini geni\u015fletmi\u015f ve y\u0131llar i\u00e7inde Kazan\u0131lan \u00fcretim pazar\u0131na b\u00fcy\u00fck katk\u0131 sa\u011flayabilecek.<\/p>\n<\/div>\n<\/div><\/div><div class=\"w-btn-wrapper width_full\"><a class=\"w-btn us-btn-style_1 us_custom_b4198c51\" href=\"https:\/\/sorkhchoob.com\/%d8%af%d8%b1%d8%a8%d8%a7%d8%b1%d9%87-%d9%85%d8%a7\/\"><span class=\"w-btn-label\">Devam\u0131n\u0131 oku<\/span><\/a><\/div><\/div><\/div><\/div><\/div><\/div><\/div><\/div><\/section><section class=\"l-section wpb_row height_small width_full color_primary parallax_ver\" id=\"counters\"><div class=\"l-section-overlay\" style=\"background:rgba(17,17,17,0.5)\"><\/div><div class=\"l-section-h i-cf\"><div class=\"g-cols vc_row via_grid cols_1 laptops-cols_inherit tablets-cols_inherit mobiles-cols_1 valign_top type_default stacking_default\"><div class=\"wpb_column vc_column_container\"><div class=\"vc_column-inner\"><div class=\"wpb_text_column\"><div class=\"wpb_wrapper\"><h2 style=\"text-align: center;\"><strong>Redwood onur<\/strong><\/h2>\n<\/div><\/div><div class=\"w-grid type_carousel layout_23627 cols_5 overflow_hidden\" id=\"us_grid_1\"><style>#us_grid_1 .w-grid-item{padding:1.5rem}#us_grid_1 .w-grid-list{margin:-1.5rem}.w-grid + #us_grid_1 .w-grid-list,.w-grid-none + #us_grid_1 .w-grid-list{margin-top:1.5rem}.layout_23627 .w-grid-item-h{border-radius:0.2rem;box-shadow:0 0rem 0rem rgba(0,0,0,0.1),0 0rem 0rem rgba(0,0,0,0.1);transition-duration:0.3s}.no-touch .layout_23627 .w-grid-item-h:hover{box-shadow:0 0.05rem 0.1rem rgba(0,0,0,0.1),0 0.17rem 0.5rem rgba(0,0,0,0.15);z-index:4}.layout_23627 .usg_post_image_1{transition-duration:0.3s;opacity:0.66}.layout_23627 .w-grid-item-h:hover .usg_post_image_1{opacity:1;background:#f5f5f5!important}.layout_23627 .usg_post_image_1{padding:2rem!important}<\/style><div class=\"w-grid-list owl-carousel navstyle_circle navpos_outside\">\t<article class=\"w-grid-item post-24699 attachment type-attachment status-inherit hentry\" data-id=\"24699\">\r\n\t\t<div class=\"w-grid-item-h\">\r\n\t\t\t\t\t\t<div class=\"w-post-elm post_image usg_post_image_1\"><img decoding=\"async\" width=\"400\" height=\"400\" src=\"https:\/\/sorkhchoob.com\/wp-content\/uploads\/2022\/07\/1.png\" class=\"attachment-large size-large\" alt=\"\" srcset=\"https:\/\/sorkhchoob.com\/wp-content\/uploads\/2022\/07\/1.png 400w, https:\/\/sorkhchoob.com\/wp-content\/uploads\/2022\/07\/1-300x300.png 300w, https:\/\/sorkhchoob.com\/wp-content\/uploads\/2022\/07\/1-150x150.png 150w\" sizes=\"(max-width: 400px) 100vw, 400px\" \/><\/div>\t\t<\/div>\r\n\t<\/article>\r\n\t<article class=\"w-grid-item post-24697 attachment type-attachment status-inherit hentry\" data-id=\"24697\">\r\n\t\t<div class=\"w-grid-item-h\">\r\n\t\t\t\t\t\t<div class=\"w-post-elm post_image usg_post_image_1\"><img decoding=\"async\" width=\"400\" height=\"400\" src=\"https:\/\/sorkhchoob.com\/wp-content\/uploads\/2022\/07\/4.png\" class=\"attachment-large size-large\" alt=\"\" srcset=\"https:\/\/sorkhchoob.com\/wp-content\/uploads\/2022\/07\/4.png 400w, https:\/\/sorkhchoob.com\/wp-content\/uploads\/2022\/07\/4-300x300.png 300w, https:\/\/sorkhchoob.com\/wp-content\/uploads\/2022\/07\/4-150x150.png 150w\" sizes=\"(max-width: 400px) 100vw, 400px\" \/><\/div>\t\t<\/div>\r\n\t<\/article>\r\n\t<article class=\"w-grid-item post-24695 attachment type-attachment status-inherit hentry\" data-id=\"24695\">\r\n\t\t<div class=\"w-grid-item-h\">\r\n\t\t\t\t\t\t<div class=\"w-post-elm post_image usg_post_image_1\"><img decoding=\"async\" width=\"400\" height=\"400\" src=\"https:\/\/sorkhchoob.com\/wp-content\/uploads\/2022\/07\/3.png\" class=\"attachment-large size-large\" alt=\"\" srcset=\"https:\/\/sorkhchoob.com\/wp-content\/uploads\/2022\/07\/3.png 400w, https:\/\/sorkhchoob.com\/wp-content\/uploads\/2022\/07\/3-300x300.png 300w, https:\/\/sorkhchoob.com\/wp-content\/uploads\/2022\/07\/3-150x150.png 150w\" sizes=\"(max-width: 400px) 100vw, 400px\" \/><\/div>\t\t<\/div>\r\n\t<\/article>\r\n\t<article class=\"w-grid-item post-24693 attachment type-attachment status-inherit hentry\" data-id=\"24693\">\r\n\t\t<div class=\"w-grid-item-h\">\r\n\t\t\t\t\t\t<div class=\"w-post-elm post_image usg_post_image_1\"><img decoding=\"async\" width=\"400\" height=\"400\" src=\"https:\/\/sorkhchoob.com\/wp-content\/uploads\/2022\/07\/2.png\" class=\"attachment-large size-large\" alt=\"\" srcset=\"https:\/\/sorkhchoob.com\/wp-content\/uploads\/2022\/07\/2.png 400w, https:\/\/sorkhchoob.com\/wp-content\/uploads\/2022\/07\/2-300x300.png 300w, https:\/\/sorkhchoob.com\/wp-content\/uploads\/2022\/07\/2-150x150.png 150w\" sizes=\"(max-width: 400px) 100vw, 400px\" \/><\/div>\t\t<\/div>\r\n\t<\/article>\r\n<\/div><div class=\"g-preloader type_1\">\r\n\t<div><\/div>\r\n<\/div>\r\n\t<div class=\"w-grid-json hidden\" onclick='return {&quot;action&quot;:&quot;us_ajax_grid&quot;,&quot;ajax_url&quot;:&quot;https:\\\/\\\/sorkhchoob.com\\\/wp-admin\\\/admin-ajax.php&quot;,&quot;infinite_scroll&quot;:0,&quot;max_num_pages&quot;:1,&quot;pagination&quot;:&quot;none&quot;,&quot;permalink_url&quot;:&quot;https:\\\/\\\/sorkhchoob.com\\\/tr\\\/wp-json\\\/wp\\\/v2\\\/pages\\\/25315\\\/&quot;,&quot;template_vars&quot;:{&quot;columns&quot;:&quot;5&quot;,&quot;exclude_items&quot;:&quot;none&quot;,&quot;img_size&quot;:&quot;default&quot;,&quot;ignore_items_size&quot;:false,&quot;items_layout&quot;:&quot;23627&quot;,&quot;items_offset&quot;:&quot;1&quot;,&quot;load_animation&quot;:&quot;none&quot;,&quot;overriding_link&quot;:&quot;none&quot;,&quot;post_id&quot;:25315,&quot;query_args&quot;:{&quot;post_type&quot;:[&quot;attachment&quot;],&quot;post__in&quot;:[&quot;23967&quot;,&quot;23966&quot;,&quot;23965&quot;,&quot;23964&quot;],&quot;post_status&quot;:&quot;inherit&quot;,&quot;post_mime_type&quot;:&quot;image&quot;,&quot;posts_per_page&quot;:999},&quot;orderby_query_args&quot;:{&quot;orderby&quot;:{&quot;date&quot;:&quot;DESC&quot;}},&quot;type&quot;:&quot;carousel&quot;,&quot;us_grid_ajax_index&quot;:1,&quot;us_grid_filter_params&quot;:null,&quot;us_grid_index&quot;:1,&quot;_us_grid_post_type&quot;:&quot;attachment&quot;,&quot;lang&quot;:&quot;tr&quot;},&quot;carousel_settings&quot;:{&quot;autoHeight&quot;:0,&quot;autoplay&quot;:0,&quot;carousel_fade&quot;:0,&quot;center&quot;:0,&quot;dots&quot;:0,&quot;items&quot;:&quot;5&quot;,&quot;loop&quot;:false,&quot;nav&quot;:0,&quot;slideby&quot;:&quot;1&quot;,&quot;smooth_play&quot;:0,&quot;speed&quot;:250,&quot;timeout&quot;:3000,&quot;transition&quot;:&quot;&quot;},&quot;carousel_breakpoints&quot;:{&quot;0&quot;:{&quot;autoHeight&quot;:0,&quot;autoplay&quot;:1,&quot;autoplayHoverPause&quot;:1,&quot;items&quot;:1,&quot;loop&quot;:true,&quot;stagePadding&quot;:0},&quot;600&quot;:{&quot;autoHeight&quot;:0,&quot;autoplay&quot;:1,&quot;autoplayHoverPause&quot;:1,&quot;items&quot;:2,&quot;loop&quot;:false,&quot;stagePadding&quot;:0},&quot;900&quot;:{&quot;autoHeight&quot;:0,&quot;autoplay&quot;:1,&quot;autoplayHoverPause&quot;:1,&quot;items&quot;:3,&quot;loop&quot;:false,&quot;stagePadding&quot;:0},&quot;1200&quot;:{&quot;items&quot;:5,&quot;stagePadding&quot;:0}}}'><\/div>\r\n\t<\/div><div class=\"w-separator size_medium\"><\/div><\/div><\/div><\/div><\/div><\/section><section class=\"l-section wpb_row height_auto width_full\"><div class=\"l-section-h i-cf\"><div class=\"g-cols vc_row via_grid cols_2 laptops-cols_inherit tablets-cols_inherit mobiles-cols_1 valign_middle type_boxes stacking_default\"><div class=\"wpb_column vc_column_container us_custom_e943a81b has_text_color us_animate_this has_bg_color\"><div class=\"vc_column-inner\"><div class=\"w-separator size_custom\" style=\"height:200px\"><\/div><\/div><\/div><div class=\"wpb_column vc_column_container us_custom_47474b22 us_animate_this\"><div class=\"vc_column-inner\"><div class=\"wpb_text_column\"><div class=\"wpb_wrapper\"><h3 style=\"text-align: center;\"><strong>Redwood \u015firketinin ay\u0131rt edici \u00f6zellikleri::<\/strong><\/h3>\n<\/div><\/div><div class=\"w-separator size_medium\"><\/div><div class=\"g-cols wpb_row via_grid cols_2 laptops-cols_inherit tablets-cols_inherit mobiles-cols_1 valign_top type_default stacking_default\"><div class=\"wpb_column vc_column_container\"><div class=\"vc_column-inner\"><div class=\"w-iconbox iconpos_left style_default color_contrast align_left\"><div class=\"w-iconbox-icon\" style=\"font-size:2rem;\"><i class=\"far fa-star\"><\/i><\/div><div class=\"w-iconbox-meta\"><h4 class=\"w-iconbox-title\" style=\"font-size:20px;\">\u062f\u0627\u0631\u0627\u06cc \u0636\u0645\u0627\u0646\u062a \u0628\u06cc \u0642\u06cc\u062f \u0648 \u0634\u0631\u0637<\/h4><div class=\"w-iconbox-text\"><p>\u062f\u0627\u062e\u0644 \u0628\u0633\u062a\u0647 \u0628\u0646\u062f\u06cc \u06a9\u0644\u06cc\u0647 \u0635\u0641\u062d\u0647 \u06a9\u0627\u0628\u06cc\u0646\u062a \u0647\u0627 \u06cc\u06a9 \u0628\u0631\u06af\u0647 \u0636\u0645\u0627\u0646\u062a \u0642\u0631\u0627\u0631 \u062f\u0627\u0631\u062f \u062c\u0647\u062a \u06af\u0627\u0631\u0627\u0646\u062a\u06cc \u0645\u062d\u0635\u0648\u0644<\/p>\n<\/div><\/div><\/div><div class=\"w-separator size_small\"><\/div><div class=\"w-iconbox iconpos_left style_default color_contrast align_left\"><div class=\"w-iconbox-icon\" style=\"font-size:2rem;\"><i class=\"far fa-star\"><\/i><\/div><div class=\"w-iconbox-meta\"><h4 class=\"w-iconbox-title\" style=\"font-size:20px;\">\u062a\u062c\u0631\u0628\u0647 \u0628\u0627\u0644\u0627<\/h4><div class=\"w-iconbox-text\"><p>\u0628\u0627 \u0642\u062f\u0645\u062a\u06cc \u0628\u06cc\u0634 \u0627\u0632 15 \u0633\u0627\u0644<\/p>\n<\/div><\/div><\/div><\/div><\/div><div class=\"wpb_column vc_column_container\"><div class=\"vc_column-inner\"><div class=\"w-iconbox iconpos_left style_default color_contrast align_left\"><div class=\"w-iconbox-icon\" style=\"font-size:2rem;\"><i class=\"far fa-star\"><\/i><\/div><div class=\"w-iconbox-meta\"><h4 class=\"w-iconbox-title\" style=\"font-size:20px;\">\u0627\u0648\u0644\u06cc\u0646 \u062f\u0631 \u0627\u06cc\u0631\u0627\u0646<\/h4><div class=\"w-iconbox-text\"><p>\u0634\u0631\u06a9\u062a \u0633\u0631\u062e \u0686\u0648\u0628 \u0627\u0648\u0644\u06cc\u0646 \u062a\u0648\u0644\u06cc\u062f \u06a9\u0646\u0646\u062f\u0647 \u0635\u0641\u062d\u0647 \u0647\u0627\u06cc \u06f6 \u0648 \u06f7 \u0633\u0627\u0646\u062a \u062f\u0631 \u0627\u06cc\u0631\u0627\u0646<\/p>\n<\/div><\/div><\/div><div class=\"w-separator size_small\"><\/div><div class=\"w-iconbox iconpos_left style_default color_contrast align_left\"><div class=\"w-iconbox-icon\" style=\"font-size:2rem;\"><i class=\"far fa-star\"><\/i><\/div><div class=\"w-iconbox-meta\"><h4 class=\"w-iconbox-title\" style=\"font-size:20px;\">\u0636\u062f \u062e\u0637 \u0648 \u062e\u0634<\/h4><div class=\"w-iconbox-text\"><p>\u062a\u0645\u0627\u0645\u06cc \u0631\u0648\u06a9\u0634 \u0647\u0627 \u0648 \u0627\u0686 \u067e\u06cc \u0627\u0644 \u0647\u0627 \u062f\u0631 \u062a\u0648\u0644\u06cc\u062f \u0635\u0641\u062d\u0647 \u06a9\u0627\u0628\u06cc\u0646\u062a \u0647\u0627\u06cc \u0633\u0631\u062e \u0686\u0648\u0628 \u062f\u0627\u0631\u0627\u06cc OVERLY (\u0636\u062f \u062e\u0637 \u0648 \u062e\u0634 ) \u0647\u0633\u062a\u0646\u062f<\/p>\n<\/div><\/div><\/div><\/div><\/div><\/div><\/div><\/div><\/div><\/div><\/section><section class=\"l-section wpb_row height_medium color_primary\"><div class=\"l-section-h i-cf\"><div class=\"g-cols vc_row via_grid cols_1 laptops-cols_inherit tablets-cols_inherit mobiles-cols_1 valign_top type_default stacking_default\"><div class=\"wpb_column vc_column_container us_custom_60e9caca us_animate_this\"><div class=\"vc_column-inner\"><div class=\"w-actionbox color_primary controls_right\"><div class=\"w-actionbox-text\"><h2 class=\"w-actionbox-title\">Toplu al\u0131m veya acentelik i\u00e7in l\u00fctfen bizimle ileti\u015fime ge\u00e7in.<\/h2><div class=\"w-actionbox-description\"><div class=\"textwidget\">\n<p>Redwood Company, Tahran&#8217;da ve \u0130ran&#8217;\u0131n b\u00fcy\u00fck \u015fehirlerinin \u00e7o\u011funda, bu koleksiyonla tamamen \u00f6zel bir \u015fekilde i\u015fbirli\u011fi yapan aktif sat\u0131\u015f temsilcilerine sahiptir.<\/p>\n<p>Redwood Faaliyetlerinin seviyesini art\u0131rmak i\u00e7in, \u015fehirlerde temsilciliksiz aktif temsilci kabul etmektedir.<\/p>\n<\/div>\n<\/div><\/div><div class=\"w-actionbox-controls\"><a class=\"w-btn us-btn-style_1\" href=\"https:\/\/sorkhchoob.com\/%d8%aa%d9%85%d8%a7%d8%b3-%d8%a8%d8%a7-%d9%85%d8%a7\/\" style=\"font-size:1.2rem;\"><span class=\"w-btn-label\">\u062a\u0645\u0627\u0633 \u0628\u0627 \u0645\u0627<\/span><\/a><\/div><\/div><\/div><\/div><\/div><\/div><\/section>\n","protected":false},"excerpt":{"rendered":"","protected":false},"author":1,"featured_media":0,"parent":0,"menu_order":0,"comment_status":"closed","ping_status":"closed","template":"","meta":{"_acf_changed":false,"footnotes":""},"class_list":["post-25315","page","type-page","status-publish","hentry"],"acf":[],"_links":{"self":[{"href":"https:\/\/sorkhchoob.com\/tr\/wp-json\/wp\/v2\/pages\/25315","targetHints":{"allow":["GET"]}}],"collection":[{"href":"https:\/\/sorkhchoob.com\/tr\/wp-json\/wp\/v2\/pages"}],"about":[{"href":"https:\/\/sorkhchoob.com\/tr\/wp-json\/wp\/v2\/types\/page"}],"author":[{"embeddable":true,"href":"https:\/\/sorkhchoob.com\/tr\/wp-json\/wp\/v2\/users\/1"}],"replies":[{"embeddable":true,"href":"https:\/\/sorkhchoob.com\/tr\/wp-json\/wp\/v2\/comments?post=25315"}],"version-history":[{"count":12,"href":"https:\/\/sorkhchoob.com\/tr\/wp-json\/wp\/v2\/pages\/25315\/revisions"}],"predecessor-version":[{"id":25521,"href":"https:\/\/sorkhchoob.com\/tr\/wp-json\/wp\/v2\/pages\/25315\/revisions\/25521"}],"wp:attachment":[{"href":"https:\/\/sorkhchoob.com\/tr\/wp-json\/wp\/v2\/media?parent=25315"}],"curies":[{"name":"wp","href":"https:\/\/api.w.org\/{rel}","templated":true}]}}